{"id":13,"date":"2020-12-31T22:02:58","date_gmt":"2020-12-31T22:02:58","guid":{"rendered":"http:\/\/regiojardin.com\/?page_id=13"},"modified":"2023-07-01T15:40:21","modified_gmt":"2023-07-01T15:40:21","slug":"nosotros","status":"publish","type":"page","link":"https:\/\/regiojardin.com\/?page_id=13","title":{"rendered":"Nosotros"},"content":{"rendered":"\t\t<div data-elementor-type=\"wp-page\" data-elementor-id=\"13\" class=\"elementor elementor-13\">\n\t\t\t\t\t\t<div class=\"elementor-inner\">\n\t\t\t\t<div class=\"elementor-section-wrap\">\n\t\t\t\t\t\t\t\t\t<section class=\"elementor-section elementor-top-section elementor-element elementor-element-7c9807d elementor-section-boxed elementor-section-height-default elementor-section-height-default\" data-id=\"7c9807d\" data-element_type=\"section\" data-settings=\"{&quot;background_background&quot;:&quot;classic&quot;}\">\n\t\t\t\t\t\t<div class=\"elementor-container elementor-column-gap-default\">\n\t\t\t\t\t\t\t<div class=\"elementor-row\">\n\t\t\t\t\t<div class=\"elementor-column elementor-col-100 elementor-top-column elementor-element elementor-element-0036bc4\" data-id=\"0036bc4\" data-element_type=\"column\">\n\t\t\t<div class=\"elementor-column-wrap elementor-element-populated\">\n\t\t\t\t\t\t\t<div class=\"elementor-widget-wrap\">\n\t\t\t\t\t\t<div class=\"elementor-element elementor-element-2069e4b elementor-widget elementor-widget-heading\" data-id=\"2069e4b\" data-element_type=\"widget\" data-widget_type=\"heading.default\">\n\t\t\t\t<div class=\"elementor-widget-container\">\n\t\t\t<h2 class=\"elementor-heading-title elementor-size-default\">NOSOTROS<\/h2>\t\t<\/div>\n\t\t\t\t<\/div>\n\t\t\t\t\t\t<\/div>\n\t\t\t\t\t<\/div>\n\t\t<\/div>\n\t\t\t\t\t\t\t\t<\/div>\n\t\t\t\t\t<\/div>\n\t\t<\/section>\n\t\t\t\t<section class=\"elementor-section elementor-top-section elementor-element elementor-element-aad031e elementor-section-boxed elementor-section-height-default elementor-section-height-default\" data-id=\"aad031e\" data-element_type=\"section\">\n\t\t\t\t\t\t<div class=\"elementor-container elementor-column-gap-default\">\n\t\t\t\t\t\t\t<div class=\"elementor-row\">\n\t\t\t\t\t<div class=\"elementor-column elementor-col-50 elementor-top-column elementor-element elementor-element-84cbcec\" data-id=\"84cbcec\" data-element_type=\"column\" data-settings=\"{&quot;background_background&quot;:&quot;classic&quot;}\">\n\t\t\t<div class=\"elementor-column-wrap elementor-element-populated\">\n\t\t\t\t\t\t\t<div class=\"elementor-widget-wrap\">\n\t\t\t\t\t\t<section class=\"elementor-section elementor-inner-section elementor-element elementor-element-4b4ef49 elementor-section-boxed elementor-section-height-default elementor-section-height-default\" data-id=\"4b4ef49\" data-element_type=\"section\">\n\t\t\t\t\t\t<div class=\"elementor-container elementor-column-gap-default\">\n\t\t\t\t\t\t\t<div class=\"elementor-row\">\n\t\t\t\t\t<div class=\"elementor-column elementor-col-100 elementor-inner-column elementor-element elementor-element-807cf1c\" data-id=\"807cf1c\" data-element_type=\"column\">\n\t\t\t<div class=\"elementor-column-wrap elementor-element-populated\">\n\t\t\t\t\t\t\t<div class=\"elementor-widget-wrap\">\n\t\t\t\t\t\t<div class=\"elementor-element elementor-element-ba49c48 elementor-widget elementor-widget-heading\" data-id=\"ba49c48\" data-element_type=\"widget\" data-widget_type=\"heading.default\">\n\t\t\t\t<div class=\"elementor-widget-container\">\n\t\t\t<h2 class=\"elementor-heading-title elementor-size-default\">Nuestra Historia<\/h2>\t\t<\/div>\n\t\t\t\t<\/div>\n\t\t\t\t<div class=\"elementor-element elementor-element-09fc60a elementor-widget-divider--view-line_icon elementor-widget-divider--separator-type-pattern elementor-widget-divider--no-spacing elementor-view-default elementor-widget-divider--element-align-center elementor-widget elementor-widget-divider\" data-id=\"09fc60a\" data-element_type=\"widget\" data-widget_type=\"divider.default\">\n\t\t\t\t<div class=\"elementor-widget-container\">\n\t\t\t\t\t<div class=\"elementor-divider\" style=\"--divider-pattern-url: url(&quot;data:image\/svg+xml,%3Csvg xmlns=&#039;http:\/\/www.w3.org\/2000\/svg&#039; preserveAspectRatio=&#039;xMidYMid meet&#039; overflow=&#039;visible&#039; height=&#039;100%&#039; viewBox=&#039;0 0 120 26&#039; fill=&#039;black&#039; stroke=&#039;none&#039;%3E%3Cpolygon points=&#039;0,14.4 0,21 11.5,12.4 21.3,20 30.4,11.1 40.3,20 51,12.4 60.6,20 69.6,11.1 79.3,20 90.1,12.4 99.6,20 109.7,11.1 120,21 120,14.4 109.7,5 99.6,13 90.1,5 79.3,14.5 71,5.7 60.6,12.4 51,5 40.3,14.5 31.1,5 21.3,13 11.5,5 \t&#039;\/%3E%3C\/svg%3E&quot;);\">\n\t\t\t<span class=\"elementor-divider-separator\">\n\t\t\t\t\t\t\t<div class=\"elementor-icon elementor-divider__element\">\n\t\t\t\t\t<i aria-hidden=\"true\" class=\"fas fa-leaf\"><\/i><\/div>\n\t\t\t\t\t\t<\/span>\n\t\t<\/div>\n\t\t\t\t<\/div>\n\t\t\t\t<\/div>\n\t\t\t\t<div class=\"elementor-element elementor-element-dc0a44e elementor-widget elementor-widget-text-editor\" data-id=\"dc0a44e\" data-element_type=\"widget\" data-widget_type=\"text-editor.default\">\n\t\t\t\t<div class=\"elementor-widget-container\">\n\t\t\t\t\t\t\t\t<div class=\"elementor-text-editor elementor-clearfix\">\n\t\t\t\t<p>Desde hace m\u00e1s de 31 a\u00f1os Regio Jard\u00edn ha sido una empresa dedicada al Dise\u00f1o, Construcci\u00f3n y Mantenimiento de jardines y sistemas de riego, durante \u00e9ste tiempo ha estado dise\u00f1ando y construyendo jardines en todo el norte del pa\u00eds.<\/p>\n<p>Nos avala la experiencia basada en el pleno conocimiento de todos los elementos b\u00e1sicos a tener en cuenta para la composici\u00f3n de un jard\u00edn, como son:<\/p>\n<ul>\n<li>Clima<\/li>\n<li>Caracter\u00edsticas t\u00e9cnicas de plantas<\/li>\n<li>Terreno<\/li>\n<li>Sistema de riego<\/li>\n<li>Dise\u00f1o<\/li>\n<\/ul>\t\t\t\t\t<\/div>\n\t\t\t\t\t\t<\/div>\n\t\t\t\t<\/div>\n\t\t\t\t\t\t<\/div>\n\t\t\t\t\t<\/div>\n\t\t<\/div>\n\t\t\t\t\t\t\t\t<\/div>\n\t\t\t\t\t<\/div>\n\t\t<\/section>\n\t\t\t\t\t\t<\/div>\n\t\t\t\t\t<\/div>\n\t\t<\/div>\n\t\t\t\t<div class=\"elementor-column elementor-col-50 elementor-top-column elementor-element elementor-element-82f4975\" data-id=\"82f4975\" data-element_type=\"column\" data-settings=\"{&quot;background_background&quot;:&quot;classic&quot;}\">\n\t\t\t<div class=\"elementor-column-wrap elementor-element-populated\">\n\t\t\t\t\t\t\t<div class=\"elementor-widget-wrap\">\n\t\t\t\t\t\t<div class=\"elementor-element elementor-element-905fddd elementor-widget elementor-widget-image\" data-id=\"905fddd\" data-element_type=\"widget\" data-widget_type=\"image.default\">\n\t\t\t\t<div class=\"elementor-widget-container\">\n\t\t\t\t\t\t\t\t<div class=\"elementor-image\">\n\t\t\t\t\t\t\t\t\t\t\t\t<img decoding=\"async\" width=\"768\" height=\"1024\" src=\"https:\/\/regiojardin.com\/wp-content\/uploads\/2021\/01\/pexels-snapwire-92933-768x1024.jpg\" class=\"attachment-large size-large wp-image-117\" alt=\"\" loading=\"lazy\" srcset=\"https:\/\/regiojardin.com\/wp-content\/uploads\/2021\/01\/pexels-snapwire-92933-768x1024.jpg 768w, https:\/\/regiojardin.com\/wp-content\/uploads\/2021\/01\/pexels-snapwire-92933-scaled-600x800.jpg 600w, https:\/\/regiojardin.com\/wp-content\/uploads\/2021\/01\/pexels-snapwire-92933-225x300.jpg 225w, https:\/\/regiojardin.com\/wp-content\/uploads\/2021\/01\/pexels-snapwire-92933-1152x1536.jpg 1152w, https:\/\/regiojardin.com\/wp-content\/uploads\/2021\/01\/pexels-snapwire-92933-1536x2048.jpg 1536w, https:\/\/regiojardin.com\/wp-content\/uploads\/2021\/01\/pexels-snapwire-92933-scaled.jpg 1920w\" sizes=\"(max-width: 768px) 100vw, 768px\" \/>\t\t\t\t\t\t\t\t\t\t\t\t\t\t<\/div>\n\t\t\t\t\t\t<\/div>\n\t\t\t\t<\/div>\n\t\t\t\t\t\t<\/div>\n\t\t\t\t\t<\/div>\n\t\t<\/div>\n\t\t\t\t\t\t\t\t<\/div>\n\t\t\t\t\t<\/div>\n\t\t<\/section>\n\t\t\t\t<section class=\"elementor-section elementor-top-section elementor-element elementor-element-0a8360d elementor-section-boxed elementor-section-height-default elementor-section-height-default\" data-id=\"0a8360d\" data-element_type=\"section\">\n\t\t\t\t\t\t<div class=\"elementor-container elementor-column-gap-default\">\n\t\t\t\t\t\t\t<div class=\"elementor-row\">\n\t\t\t\t\t<div class=\"elementor-column elementor-col-100 elementor-top-column elementor-element elementor-element-9017439\" data-id=\"9017439\" data-element_type=\"column\">\n\t\t\t<div class=\"elementor-column-wrap elementor-element-populated\">\n\t\t\t\t\t\t\t<div class=\"elementor-widget-wrap\">\n\t\t\t\t\t\t<div class=\"elementor-element elementor-element-4a6793a elementor-widget-divider--view-line elementor-widget elementor-widget-divider\" data-id=\"4a6793a\" data-element_type=\"widget\" data-widget_type=\"divider.default\">\n\t\t\t\t<div class=\"elementor-widget-container\">\n\t\t\t\t\t<div class=\"elementor-divider\">\n\t\t\t<span class=\"elementor-divider-separator\">\n\t\t\t\t\t\t<\/span>\n\t\t<\/div>\n\t\t\t\t<\/div>\n\t\t\t\t<\/div>\n\t\t\t\t\t\t<\/div>\n\t\t\t\t\t<\/div>\n\t\t<\/div>\n\t\t\t\t\t\t\t\t<\/div>\n\t\t\t\t\t<\/div>\n\t\t<\/section>\n\t\t\t\t<section class=\"elementor-section elementor-top-section elementor-element elementor-element-01d1645 elementor-section-boxed elementor-section-height-default elementor-section-height-default\" data-id=\"01d1645\" data-element_type=\"section\" data-settings=\"{&quot;background_background&quot;:&quot;classic&quot;}\">\n\t\t\t\t\t\t<div class=\"elementor-container elementor-column-gap-default\">\n\t\t\t\t\t\t\t<div class=\"elementor-row\">\n\t\t\t\t\t<div class=\"elementor-column elementor-col-50 elementor-top-column elementor-element elementor-element-5ad5bc5\" data-id=\"5ad5bc5\" data-element_type=\"column\">\n\t\t\t<div class=\"elementor-column-wrap elementor-element-populated\">\n\t\t\t\t\t\t\t<div class=\"elementor-widget-wrap\">\n\t\t\t\t\t\t<div class=\"elementor-element elementor-element-2de5645 elementor-widget elementor-widget-image\" data-id=\"2de5645\" data-element_type=\"widget\" data-widget_type=\"image.default\">\n\t\t\t\t<div class=\"elementor-widget-container\">\n\t\t\t\t\t\t\t\t<div class=\"elementor-image\">\n\t\t\t\t\t\t\t\t\t\t\t\t<img decoding=\"async\" width=\"1500\" height=\"900\" src=\"https:\/\/regiojardin.com\/wp-content\/uploads\/2021\/01\/fa-cfg-hero.jpg\" class=\"attachment-full size-full wp-image-122\" alt=\"\" loading=\"lazy\" srcset=\"https:\/\/regiojardin.com\/wp-content\/uploads\/2021\/01\/fa-cfg-hero.jpg 1500w, https:\/\/regiojardin.com\/wp-content\/uploads\/2021\/01\/fa-cfg-hero-600x360.jpg 600w, https:\/\/regiojardin.com\/wp-content\/uploads\/2021\/01\/fa-cfg-hero-300x180.jpg 300w, https:\/\/regiojardin.com\/wp-content\/uploads\/2021\/01\/fa-cfg-hero-1024x614.jpg 1024w, https:\/\/regiojardin.com\/wp-content\/uploads\/2021\/01\/fa-cfg-hero-768x461.jpg 768w\" sizes=\"(max-width: 1500px) 100vw, 1500px\" \/>\t\t\t\t\t\t\t\t\t\t\t\t\t\t<\/div>\n\t\t\t\t\t\t<\/div>\n\t\t\t\t<\/div>\n\t\t\t\t\t\t<\/div>\n\t\t\t\t\t<\/div>\n\t\t<\/div>\n\t\t\t\t<div class=\"elementor-column elementor-col-50 elementor-top-column elementor-element elementor-element-c2f6df3\" data-id=\"c2f6df3\" data-element_type=\"column\">\n\t\t\t<div class=\"elementor-column-wrap elementor-element-populated\">\n\t\t\t\t\t\t\t<div class=\"elementor-widget-wrap\">\n\t\t\t\t\t\t<div class=\"elementor-element elementor-element-e6831c6 elementor-widget elementor-widget-heading\" data-id=\"e6831c6\" data-element_type=\"widget\" data-widget_type=\"heading.default\">\n\t\t\t\t<div class=\"elementor-widget-container\">\n\t\t\t<h2 class=\"elementor-heading-title elementor-size-default\">\u00bfQUIENES SOMOS?<\/h2>\t\t<\/div>\n\t\t\t\t<\/div>\n\t\t\t\t<div class=\"elementor-element elementor-element-5978876 elementor-widget-divider--view-line_icon elementor-widget-divider--separator-type-pattern elementor-widget-divider--no-spacing elementor-view-default elementor-widget-divider--element-align-center elementor-widget elementor-widget-divider\" data-id=\"5978876\" data-element_type=\"widget\" data-widget_type=\"divider.default\">\n\t\t\t\t<div class=\"elementor-widget-container\">\n\t\t\t\t\t<div class=\"elementor-divider\" style=\"--divider-pattern-url: url(&quot;data:image\/svg+xml,%3Csvg xmlns=&#039;http:\/\/www.w3.org\/2000\/svg&#039; preserveAspectRatio=&#039;xMidYMid meet&#039; overflow=&#039;visible&#039; height=&#039;100%&#039; viewBox=&#039;0 0 120 26&#039; fill=&#039;black&#039; stroke=&#039;none&#039;%3E%3Cpolygon points=&#039;0,14.4 0,21 11.5,12.4 21.3,20 30.4,11.1 40.3,20 51,12.4 60.6,20 69.6,11.1 79.3,20 90.1,12.4 99.6,20 109.7,11.1 120,21 120,14.4 109.7,5 99.6,13 90.1,5 79.3,14.5 71,5.7 60.6,12.4 51,5 40.3,14.5 31.1,5 21.3,13 11.5,5 \t&#039;\/%3E%3C\/svg%3E&quot;);\">\n\t\t\t<span class=\"elementor-divider-separator\">\n\t\t\t\t\t\t\t<div class=\"elementor-icon elementor-divider__element\">\n\t\t\t\t\t<i aria-hidden=\"true\" class=\"fas fa-users\"><\/i><\/div>\n\t\t\t\t\t\t<\/span>\n\t\t<\/div>\n\t\t\t\t<\/div>\n\t\t\t\t<\/div>\n\t\t\t\t<div class=\"elementor-element elementor-element-cccae97 elementor-widget elementor-widget-text-editor\" data-id=\"cccae97\" data-element_type=\"widget\" data-widget_type=\"text-editor.default\">\n\t\t\t\t<div class=\"elementor-widget-container\">\n\t\t\t\t\t\t\t\t<div class=\"elementor-text-editor elementor-clearfix\">\n\t\t\t\t<div class=\"widget-row \">\n<div id=\"heading-widget-1513555028877\" class=\"widget widgetResponsive textWidget headingWidget col17\" data-type=\"HeadingWidget\" data-delay=\"\" data-animation-duration=\"\" data-animation-delay=\"\" data-animation=\"lazyAnimation-\">\n<div class=\"text-widget-content\">\n<p><span style=\"font-size: 12px; color: var( --e-global-color-text ); font-family: var( --e-global-typography-text-font-family ), Sans-serif; word-spacing: normal;\">Caracteriz\u00e1ndonos por nuestra creatividad e innovaci\u00f3n a la hora del dise\u00f1o de su jard\u00edn. Su fundador el Ing. V\u00edctor M. Hern\u00e1ndez Izabal, agr\u00f3nomo de profesi\u00f3n, y su gusto por las plantas le dieron la base para fundar \u201dREGIO JARD\u00cdN\u201d brindando sus servicios a infinidad de clientes satisfechos por su&nbsp;profesionalismo y calidad. REGIO JARD\u00cdN cuenta con un gran grupo de profesionales capaces de desarrollar cualquier reto que se les plantea trabajando con gran responsabilidad y la \u00faltima tecnolog\u00eda tanto en el campo del dise\u00f1o como en la ejecuci\u00f3n.<\/span><\/p>\n<\/div>\n<\/div>\n<\/div>\n<div class=\"widget-row \">\n<div id=\"spacer-widget-1513555028874\" class=\"widget widgetResponsive spacer col20\" data-type=\"Spacer\">\n<div class=\"widget-preserving-ratio-outer\">&nbsp;<\/div>\n<\/div>\n<\/div>\t\t\t\t\t<\/div>\n\t\t\t\t\t\t<\/div>\n\t\t\t\t<\/div>\n\t\t\t\t\t\t<\/div>\n\t\t\t\t\t<\/div>\n\t\t<\/div>\n\t\t\t\t\t\t\t\t<\/div>\n\t\t\t\t\t<\/div>\n\t\t<\/section>\n\t\t\t\t\t\t\t\t\t<\/div>\n\t\t\t<\/div>\n\t\t\t\t\t<\/div>\n\t\t","protected":false},"excerpt":{"rendered":"<p>NOSOTROS Nuestra Historia Desde hace m\u00e1s de 31 a\u00f1os Regio Jard\u00edn ha sido una empresa dedicada al Dise\u00f1o, Construcci\u00f3n y Mantenimiento de jardines y sistemas de riego, durante \u00e9ste tiempo ha estado dise\u00f1ando y construyendo jardines en todo el norte del pa\u00eds. Nos avala la experiencia basada en el pleno conocimiento de todos los elementos b\u00e1sicos a tener en cuenta para la composici\u00f3n de un jard\u00edn, como son: Clima Caracter\u00edsticas t\u00e9cnicas de plantas Terreno Sistema de riego Dise\u00f1o \u00bfQUIENES SOMOS? Caracteriz\u00e1ndonos por nuestra creatividad e innovaci\u00f3n a la hora del dise\u00f1o de su jard\u00edn. Su fundador el Ing. V\u00edctor M. Hern\u00e1ndez Izabal, agr\u00f3nomo de profesi\u00f3n, y su gusto por las plantas le dieron la base para fundar \u201dREGIO JARD\u00cdN\u201d brindando sus servicios a infinidad de clientes satisfechos por su&nbsp;profesionalismo y calidad. REGIO JARD\u00cdN cuenta con un gran grupo de profesionales capaces de desarrollar cualquier reto que se les plantea trabajando&hellip;<\/p>\n<p> <a class=\"more-link\" href=\"https:\/\/regiojardin.com\/?page_id=13\">Read more<\/a><\/p>\n","protected":false},"author":1,"featured_media":0,"parent":0,"menu_order":0,"comment_status":"closed","ping_status":"closed","template":"","meta":[],"yoast_head":"<!-- This site is optimized with the Yoast SEO plugin v20.9 - https:\/\/yoast.com\/wordpress\/plugins\/seo\/ -->\n<title>Nosotros - Regio Jard\u00edn<\/title>\n<meta name=\"description\" content=\"Nosotros somos la soluci\u00f3n para el mantenimiento de su jard\u00edn. Nuestra experiencia y sistema de trabajo dan como resultado un jard\u00edn bello.\" \/>\n<meta name=\"robots\" content=\"index, follow, max-snippet:-1, max-image-preview:large, max-video-preview:-1\" \/>\n<link rel=\"canonical\" href=\"https:\/\/regiojardin.com\/?page_id=13\" \/>\n<meta property=\"og:locale\" content=\"en_US\" \/>\n<meta property=\"og:type\" content=\"article\" \/>\n<meta property=\"og:title\" content=\"Nosotros - Regio Jard\u00edn\" \/>\n<meta property=\"og:description\" content=\"Nosotros somos la soluci\u00f3n para el mantenimiento de su jard\u00edn. Nuestra experiencia y sistema de trabajo dan como resultado un jard\u00edn bello.\" \/>\n<meta property=\"og:url\" content=\"https:\/\/regiojardin.com\/?page_id=13\" \/>\n<meta property=\"og:site_name\" content=\"Regio Jard\u00edn\" \/>\n<meta property=\"article:modified_time\" content=\"2023-07-01T15:40:21+00:00\" \/>\n<meta property=\"og:image\" content=\"http:\/\/regiojardin.com\/wp-content\/uploads\/2021\/01\/pexels-snapwire-92933-768x1024.jpg\" \/>\n<meta name=\"twitter:card\" content=\"summary_large_image\" \/>\n<meta name=\"twitter:label1\" content=\"Est. reading time\" \/>\n\t<meta name=\"twitter:data1\" content=\"2 minutes\" \/>\n<script type=\"application\/ld+json\" class=\"yoast-schema-graph\">{\"@context\":\"https:\/\/schema.org\",\"@graph\":[{\"@type\":\"WebPage\",\"@id\":\"https:\/\/regiojardin.com\/?page_id=13\",\"url\":\"https:\/\/regiojardin.com\/?page_id=13\",\"name\":\"Nosotros - Regio Jard\u00edn\",\"isPartOf\":{\"@id\":\"https:\/\/regiojardin.com\/#website\"},\"datePublished\":\"2020-12-31T22:02:58+00:00\",\"dateModified\":\"2023-07-01T15:40:21+00:00\",\"description\":\"Nosotros somos la soluci\u00f3n para el mantenimiento de su jard\u00edn. Nuestra experiencia y sistema de trabajo dan como resultado un jard\u00edn bello.\",\"breadcrumb\":{\"@id\":\"https:\/\/regiojardin.com\/?page_id=13#breadcrumb\"},\"inLanguage\":\"en-US\",\"potentialAction\":[{\"@type\":\"ReadAction\",\"target\":[\"https:\/\/regiojardin.com\/?page_id=13\"]}]},{\"@type\":\"BreadcrumbList\",\"@id\":\"https:\/\/regiojardin.com\/?page_id=13#breadcrumb\",\"itemListElement\":[{\"@type\":\"ListItem\",\"position\":1,\"name\":\"Portada\",\"item\":\"https:\/\/regiojardin.com\/\"},{\"@type\":\"ListItem\",\"position\":2,\"name\":\"Nosotros\"}]},{\"@type\":\"WebSite\",\"@id\":\"https:\/\/regiojardin.com\/#website\",\"url\":\"https:\/\/regiojardin.com\/\",\"name\":\"Regio Jard\u00edn\",\"description\":\"La Jardiner\u00eda Es Nuestra Pasi\u00f3n\",\"potentialAction\":[{\"@type\":\"SearchAction\",\"target\":{\"@type\":\"EntryPoint\",\"urlTemplate\":\"https:\/\/regiojardin.com\/?s={search_term_string}\"},\"query-input\":\"required name=search_term_string\"}],\"inLanguage\":\"en-US\"}]}<\/script>\n<!-- \/ Yoast SEO plugin. -->","yoast_head_json":{"title":"Nosotros - Regio Jard\u00edn","description":"Nosotros somos la soluci\u00f3n para el mantenimiento de su jard\u00edn. Nuestra experiencia y sistema de trabajo dan como resultado un jard\u00edn bello.","robots":{"index":"index","follow":"follow","max-snippet":"max-snippet:-1","max-image-preview":"max-image-preview:large","max-video-preview":"max-video-preview:-1"},"canonical":"https:\/\/regiojardin.com\/?page_id=13","og_locale":"en_US","og_type":"article","og_title":"Nosotros - Regio Jard\u00edn","og_description":"Nosotros somos la soluci\u00f3n para el mantenimiento de su jard\u00edn. Nuestra experiencia y sistema de trabajo dan como resultado un jard\u00edn bello.","og_url":"https:\/\/regiojardin.com\/?page_id=13","og_site_name":"Regio Jard\u00edn","article_modified_time":"2023-07-01T15:40:21+00:00","og_image":[{"url":"http:\/\/regiojardin.com\/wp-content\/uploads\/2021\/01\/pexels-snapwire-92933-768x1024.jpg"}],"twitter_card":"summary_large_image","twitter_misc":{"Est. reading time":"2 minutes"},"schema":{"@context":"https:\/\/schema.org","@graph":[{"@type":"WebPage","@id":"https:\/\/regiojardin.com\/?page_id=13","url":"https:\/\/regiojardin.com\/?page_id=13","name":"Nosotros - Regio Jard\u00edn","isPartOf":{"@id":"https:\/\/regiojardin.com\/#website"},"datePublished":"2020-12-31T22:02:58+00:00","dateModified":"2023-07-01T15:40:21+00:00","description":"Nosotros somos la soluci\u00f3n para el mantenimiento de su jard\u00edn. Nuestra experiencia y sistema de trabajo dan como resultado un jard\u00edn bello.","breadcrumb":{"@id":"https:\/\/regiojardin.com\/?page_id=13#breadcrumb"},"inLanguage":"en-US","potentialAction":[{"@type":"ReadAction","target":["https:\/\/regiojardin.com\/?page_id=13"]}]},{"@type":"BreadcrumbList","@id":"https:\/\/regiojardin.com\/?page_id=13#breadcrumb","itemListElement":[{"@type":"ListItem","position":1,"name":"Portada","item":"https:\/\/regiojardin.com\/"},{"@type":"ListItem","position":2,"name":"Nosotros"}]},{"@type":"WebSite","@id":"https:\/\/regiojardin.com\/#website","url":"https:\/\/regiojardin.com\/","name":"Regio Jard\u00edn","description":"La Jardiner\u00eda Es Nuestra Pasi\u00f3n","potentialAction":[{"@type":"SearchAction","target":{"@type":"EntryPoint","urlTemplate":"https:\/\/regiojardin.com\/?s={search_term_string}"},"query-input":"required name=search_term_string"}],"inLanguage":"en-US"}]}},"_links":{"self":[{"href":"https:\/\/regiojardin.com\/index.php?rest_route=\/wp\/v2\/pages\/13"}],"collection":[{"href":"https:\/\/regiojardin.com\/index.php?rest_route=\/wp\/v2\/pages"}],"about":[{"href":"https:\/\/regiojardin.com\/index.php?rest_route=\/wp\/v2\/types\/page"}],"author":[{"embeddable":true,"href":"https:\/\/regiojardin.com\/index.php?rest_route=\/wp\/v2\/users\/1"}],"replies":[{"embeddable":true,"href":"https:\/\/regiojardin.com\/index.php?rest_route=%2Fwp%2Fv2%2Fcomments&post=13"}],"version-history":[{"count":14,"href":"https:\/\/regiojardin.com\/index.php?rest_route=\/wp\/v2\/pages\/13\/revisions"}],"predecessor-version":[{"id":242,"href":"https:\/\/regiojardin.com\/index.php?rest_route=\/wp\/v2\/pages\/13\/revisions\/242"}],"wp:attachment":[{"href":"https:\/\/regiojardin.com\/index.php?rest_route=%2Fwp%2Fv2%2Fmedia&parent=13"}],"curies":[{"name":"wp","href":"https:\/\/api.w.org\/{rel}","templated":true}]}}