{"id":15,"date":"2020-12-31T22:02:58","date_gmt":"2020-12-31T22:02:58","guid":{"rendered":"http:\/\/regiojardin.com\/?page_id=15"},"modified":"2021-01-09T00:28:04","modified_gmt":"2021-01-09T00:28:04","slug":"mantenimiento","status":"publish","type":"page","link":"https:\/\/regiojardin.com\/?page_id=15","title":{"rendered":"Mantenimiento"},"content":{"rendered":"\t\t<div data-elementor-type=\"wp-page\" data-elementor-id=\"15\" class=\"elementor elementor-15\">\n\t\t\t\t\t\t<div class=\"elementor-inner\">\n\t\t\t\t<div class=\"elementor-section-wrap\">\n\t\t\t\t\t\t\t\t\t<section class=\"elementor-section elementor-top-section elementor-element elementor-element-0b3bb54 elementor-section-stretched elementor-section-boxed elementor-section-height-default elementor-section-height-default\" data-id=\"0b3bb54\" data-element_type=\"section\" data-settings=\"{&quot;stretch_section&quot;:&quot;section-stretched&quot;}\">\n\t\t\t\t\t\t<div class=\"elementor-container elementor-column-gap-default\">\n\t\t\t\t\t\t\t<div class=\"elementor-row\">\n\t\t\t\t\t<div class=\"elementor-column elementor-col-100 elementor-top-column elementor-element elementor-element-5fc11f4 elementor-invisible\" data-id=\"5fc11f4\" data-element_type=\"column\" data-settings=\"{&quot;background_background&quot;:&quot;classic&quot;,&quot;animation&quot;:&quot;bounceInUp&quot;}\">\n\t\t\t<div class=\"elementor-column-wrap elementor-element-populated\">\n\t\t\t\t\t\t\t<div class=\"elementor-widget-wrap\">\n\t\t\t\t\t\t<div class=\"elementor-element elementor-element-c120c42 elementor-position-left elementor-vertical-align-middle elementor-invisible elementor-widget elementor-widget-image-box\" data-id=\"c120c42\" data-element_type=\"widget\" data-settings=\"{&quot;_animation&quot;:&quot;zoomIn&quot;}\" data-widget_type=\"image-box.default\">\n\t\t\t\t<div class=\"elementor-widget-container\">\n\t\t\t<div class=\"elementor-image-box-wrapper\"><figure class=\"elementor-image-box-img\"><img decoding=\"async\" width=\"788\" height=\"406\" src=\"https:\/\/regiojardin.com\/wp-content\/uploads\/2021\/01\/bd2.png\" class=\"attachment-full size-full wp-image-140\" alt=\"\" loading=\"lazy\" srcset=\"https:\/\/regiojardin.com\/wp-content\/uploads\/2021\/01\/bd2.png 788w, https:\/\/regiojardin.com\/wp-content\/uploads\/2021\/01\/bd2-600x309.png 600w, https:\/\/regiojardin.com\/wp-content\/uploads\/2021\/01\/bd2-300x155.png 300w, https:\/\/regiojardin.com\/wp-content\/uploads\/2021\/01\/bd2-768x396.png 768w\" sizes=\"(max-width: 788px) 100vw, 788px\" \/><\/figure><div class=\"elementor-image-box-content\"><h3 class=\"elementor-image-box-title\">nosotros<\/h3><p class=\"elementor-image-box-description\">Nosotros somos la soluci\u00f3n para el mantenimiento de su jard\u00edn. Nuestra experiencia y sistema de trabajo dan como resultado un jard\u00edn bello. Cada planta que hay en su jard\u00edn es nuestra responsabilidad mantenerla viva, sana y hermosa.<\/p><\/div><\/div>\t\t<\/div>\n\t\t\t\t<\/div>\n\t\t\t\t<section class=\"elementor-section elementor-inner-section elementor-element elementor-element-b9ac68b elementor-section-boxed elementor-section-height-default elementor-section-height-default\" data-id=\"b9ac68b\" data-element_type=\"section\">\n\t\t\t\t\t\t<div class=\"elementor-container elementor-column-gap-default\">\n\t\t\t\t\t\t\t<div class=\"elementor-row\">\n\t\t\t\t\t<div class=\"elementor-column elementor-col-50 elementor-inner-column elementor-element elementor-element-877f988\" data-id=\"877f988\" data-element_type=\"column\">\n\t\t\t<div class=\"elementor-column-wrap elementor-element-populated\">\n\t\t\t\t\t\t\t<div class=\"elementor-widget-wrap\">\n\t\t\t\t\t\t<div class=\"elementor-element elementor-element-84f7538 elementor-position-right elementor-vertical-align-top elementor-invisible elementor-widget elementor-widget-image-box\" data-id=\"84f7538\" data-element_type=\"widget\" data-settings=\"{&quot;_animation&quot;:&quot;zoomIn&quot;}\" data-widget_type=\"image-box.default\">\n\t\t\t\t<div class=\"elementor-widget-container\">\n\t\t\t<div class=\"elementor-image-box-wrapper\"><div class=\"elementor-image-box-content\"><h3 class=\"elementor-image-box-title\">mantenimiento integral<\/h3><p class=\"elementor-image-box-description\">Pregunte por el Mantenimiento Integral. Con este paquete, usted se olvida del mantenimiento de su jard\u00edn. Todo incluido por un solo precio, es la forma m\u00e1s econ\u00f3mica y f\u00e1cil de mantener todo el a\u00f1o su jard\u00edn.<\/p><\/div><\/div>\t\t<\/div>\n\t\t\t\t<\/div>\n\t\t\t\t<div class=\"elementor-element elementor-element-93f7ffb elementor-icon-list--layout-traditional elementor-list-item-link-full_width elementor-widget elementor-widget-icon-list\" data-id=\"93f7ffb\" data-element_type=\"widget\" data-widget_type=\"icon-list.default\">\n\t\t\t\t<div class=\"elementor-widget-container\">\n\t\t\t\t\t<ul class=\"elementor-icon-list-items\">\n\t\t\t\t\t\t\t<li class=\"elementor-icon-list-item\">\n\t\t\t\t\t\t\t\t\t\t\t<span class=\"elementor-icon-list-icon\">\n\t\t\t\t\t\t\t<i aria-hidden=\"true\" class=\"fas fa-leaf\"><\/i>\t\t\t\t\t\t<\/span>\n\t\t\t\t\t\t\t\t\t\t<span class=\"elementor-icon-list-text\">Aireado del suelo<\/span>\n\t\t\t\t\t\t\t\t\t<\/li>\n\t\t\t\t\t\t\t\t<li class=\"elementor-icon-list-item\">\n\t\t\t\t\t\t\t\t\t\t\t<span class=\"elementor-icon-list-icon\">\n\t\t\t\t\t\t\t<i aria-hidden=\"true\" class=\"fas fa-leaf\"><\/i>\t\t\t\t\t\t<\/span>\n\t\t\t\t\t\t\t\t\t\t<span class=\"elementor-icon-list-text\">Fumigaci\u00f3n de Hierbas<\/span>\n\t\t\t\t\t\t\t\t\t<\/li>\n\t\t\t\t\t\t\t\t<li class=\"elementor-icon-list-item\">\n\t\t\t\t\t\t\t\t\t\t\t<span class=\"elementor-icon-list-icon\">\n\t\t\t\t\t\t\t<i aria-hidden=\"true\" class=\"fas fa-leaf\"><\/i>\t\t\t\t\t\t<\/span>\n\t\t\t\t\t\t\t\t\t\t<span class=\"elementor-icon-list-text\">Fumigaci\u00f3n de plagas<\/span>\n\t\t\t\t\t\t\t\t\t<\/li>\n\t\t\t\t\t\t\t\t<li class=\"elementor-icon-list-item\">\n\t\t\t\t\t\t\t\t\t\t\t<span class=\"elementor-icon-list-icon\">\n\t\t\t\t\t\t\t<i aria-hidden=\"true\" class=\"fas fa-leaf\"><\/i>\t\t\t\t\t\t<\/span>\n\t\t\t\t\t\t\t\t\t\t<span class=\"elementor-icon-list-text\">Poda de pasto<\/span>\n\t\t\t\t\t\t\t\t\t<\/li>\n\t\t\t\t\t\t\t\t<li class=\"elementor-icon-list-item\">\n\t\t\t\t\t\t\t\t\t\t\t<span class=\"elementor-icon-list-icon\">\n\t\t\t\t\t\t\t<i aria-hidden=\"true\" class=\"fas fa-leaf\"><\/i>\t\t\t\t\t\t<\/span>\n\t\t\t\t\t\t\t\t\t\t<span class=\"elementor-icon-list-text\">Fertilizaci\u00f3n<\/span>\n\t\t\t\t\t\t\t\t\t<\/li>\n\t\t\t\t\t\t\t\t<li class=\"elementor-icon-list-item\">\n\t\t\t\t\t\t\t\t\t\t\t<span class=\"elementor-icon-list-icon\">\n\t\t\t\t\t\t\t<i aria-hidden=\"true\" class=\"fas fa-leaf\"><\/i>\t\t\t\t\t\t<\/span>\n\t\t\t\t\t\t\t\t\t\t<span class=\"elementor-icon-list-text\">Desorillado<\/span>\n\t\t\t\t\t\t\t\t\t<\/li>\n\t\t\t\t\t\t\t\t<li class=\"elementor-icon-list-item\">\n\t\t\t\t\t\t\t\t\t\t\t<span class=\"elementor-icon-list-icon\">\n\t\t\t\t\t\t\t<i aria-hidden=\"true\" class=\"fas fa-leaf\"><\/i>\t\t\t\t\t\t<\/span>\n\t\t\t\t\t\t\t\t\t\t<span class=\"elementor-icon-list-text\">Reparaci\u00f3n y mantenimiento de un sistema de riego<\/span>\n\t\t\t\t\t\t\t\t\t<\/li>\n\t\t\t\t\t\t\t\t<li class=\"elementor-icon-list-item\">\n\t\t\t\t\t\t\t\t\t\t\t<span class=\"elementor-icon-list-icon\">\n\t\t\t\t\t\t\t<i aria-hidden=\"true\" class=\"fas fa-leaf\"><\/i>\t\t\t\t\t\t<\/span>\n\t\t\t\t\t\t\t\t\t\t<span class=\"elementor-icon-list-text\">Poda y trasplante de \u00e1rboles, palmas, arbustos<\/span>\n\t\t\t\t\t\t\t\t\t<\/li>\n\t\t\t\t\t\t<\/ul>\n\t\t\t\t<\/div>\n\t\t\t\t<\/div>\n\t\t\t\t\t\t<\/div>\n\t\t\t\t\t<\/div>\n\t\t<\/div>\n\t\t\t\t<div class=\"elementor-column elementor-col-50 elementor-inner-column elementor-element elementor-element-c5db17f\" data-id=\"c5db17f\" data-element_type=\"column\">\n\t\t\t<div class=\"elementor-column-wrap elementor-element-populated\">\n\t\t\t\t\t\t\t<div class=\"elementor-widget-wrap\">\n\t\t\t\t\t\t<div class=\"elementor-element elementor-element-81eda0b elementor-widget elementor-widget-image\" data-id=\"81eda0b\" data-element_type=\"widget\" data-widget_type=\"image.default\">\n\t\t\t\t<div class=\"elementor-widget-container\">\n\t\t\t\t\t\t\t\t<div class=\"elementor-image\">\n\t\t\t\t\t\t\t\t\t\t\t\t<img decoding=\"async\" width=\"668\" height=\"1024\" src=\"https:\/\/regiojardin.com\/wp-content\/uploads\/2021\/01\/5760-668x1024.jpg\" class=\"attachment-large size-large wp-image-141\" alt=\"\" loading=\"lazy\" srcset=\"https:\/\/regiojardin.com\/wp-content\/uploads\/2021\/01\/5760-668x1024.jpg 668w, https:\/\/regiojardin.com\/wp-content\/uploads\/2021\/01\/5760-600x920.jpg 600w, https:\/\/regiojardin.com\/wp-content\/uploads\/2021\/01\/5760-196x300.jpg 196w, https:\/\/regiojardin.com\/wp-content\/uploads\/2021\/01\/5760-768x1177.jpg 768w, https:\/\/regiojardin.com\/wp-content\/uploads\/2021\/01\/5760.jpg 783w\" sizes=\"(max-width: 668px) 100vw, 668px\" \/>\t\t\t\t\t\t\t\t\t\t\t\t\t\t<\/div>\n\t\t\t\t\t\t<\/div>\n\t\t\t\t<\/div>\n\t\t\t\t\t\t<\/div>\n\t\t\t\t\t<\/div>\n\t\t<\/div>\n\t\t\t\t\t\t\t\t<\/div>\n\t\t\t\t\t<\/div>\n\t\t<\/section>\n\t\t\t\t\t\t<\/div>\n\t\t\t\t\t<\/div>\n\t\t<\/div>\n\t\t\t\t\t\t\t\t<\/div>\n\t\t\t\t\t<\/div>\n\t\t<\/section>\n\t\t\t\t\t\t\t\t\t<\/div>\n\t\t\t<\/div>\n\t\t\t\t\t<\/div>\n\t\t","protected":false},"excerpt":{"rendered":"<p>nosotros Nosotros somos la soluci\u00f3n para el mantenimiento de su jard\u00edn. Nuestra experiencia y sistema de trabajo dan como resultado un jard\u00edn bello. Cada planta que hay en su jard\u00edn es nuestra responsabilidad mantenerla viva, sana y hermosa. mantenimiento integral Pregunte por el Mantenimiento Integral. Con este paquete, usted se olvida del mantenimiento de su jard\u00edn. Todo incluido por un solo precio, es la forma m\u00e1s econ\u00f3mica y f\u00e1cil de mantener todo el a\u00f1o su jard\u00edn. Aireado del suelo Fumigaci\u00f3n de Hierbas Fumigaci\u00f3n de plagas Poda de pasto Fertilizaci\u00f3n Desorillado Reparaci\u00f3n y mantenimiento de un sistema de riego Poda y trasplante de \u00e1rboles, palmas, arbustos<\/p>\n","protected":false},"author":1,"featured_media":0,"parent":0,"menu_order":0,"comment_status":"closed","ping_status":"closed","template":"","meta":[],"yoast_head":"<!-- This site is optimized with the Yoast SEO plugin v20.9 - https:\/\/yoast.com\/wordpress\/plugins\/seo\/ -->\n<title>Mantenimiento - Regio Jard\u00edn<\/title>\n<meta name=\"robots\" content=\"index, follow, max-snippet:-1, max-image-preview:large, max-video-preview:-1\" \/>\n<link rel=\"canonical\" href=\"https:\/\/regiojardin.com\/?page_id=15\" \/>\n<meta property=\"og:locale\" content=\"en_US\" \/>\n<meta property=\"og:type\" content=\"article\" \/>\n<meta property=\"og:title\" content=\"Mantenimiento - Regio Jard\u00edn\" \/>\n<meta property=\"og:description\" content=\"nosotros Nosotros somos la soluci\u00f3n para el mantenimiento de su jard\u00edn. Nuestra experiencia y sistema de trabajo dan como resultado un jard\u00edn bello. Cada planta que hay en su jard\u00edn es nuestra responsabilidad mantenerla viva, sana y hermosa. mantenimiento integral Pregunte por el Mantenimiento Integral. Con este paquete, usted se olvida del mantenimiento de su jard\u00edn. Todo incluido por un solo precio, es la forma m\u00e1s econ\u00f3mica y f\u00e1cil de mantener todo el a\u00f1o su jard\u00edn. Aireado del suelo Fumigaci\u00f3n de Hierbas Fumigaci\u00f3n de plagas Poda de pasto Fertilizaci\u00f3n Desorillado Reparaci\u00f3n y mantenimiento de un sistema de riego Poda y trasplante de \u00e1rboles, palmas, arbustos\" \/>\n<meta property=\"og:url\" content=\"https:\/\/regiojardin.com\/?page_id=15\" \/>\n<meta property=\"og:site_name\" content=\"Regio Jard\u00edn\" \/>\n<meta property=\"article:modified_time\" content=\"2021-01-09T00:28:04+00:00\" \/>\n<meta property=\"og:image\" content=\"http:\/\/regiojardin.com\/wp-content\/uploads\/2021\/01\/bd2.png\" \/>\n<meta name=\"twitter:card\" content=\"summary_large_image\" \/>\n<meta name=\"twitter:label1\" content=\"Est. reading time\" \/>\n\t<meta name=\"twitter:data1\" content=\"1 minute\" \/>\n<script type=\"application\/ld+json\" class=\"yoast-schema-graph\">{\"@context\":\"https:\/\/schema.org\",\"@graph\":[{\"@type\":\"WebPage\",\"@id\":\"https:\/\/regiojardin.com\/?page_id=15\",\"url\":\"https:\/\/regiojardin.com\/?page_id=15\",\"name\":\"Mantenimiento - Regio Jard\u00edn\",\"isPartOf\":{\"@id\":\"https:\/\/regiojardin.com\/#website\"},\"datePublished\":\"2020-12-31T22:02:58+00:00\",\"dateModified\":\"2021-01-09T00:28:04+00:00\",\"breadcrumb\":{\"@id\":\"https:\/\/regiojardin.com\/?page_id=15#breadcrumb\"},\"inLanguage\":\"en-US\",\"potentialAction\":[{\"@type\":\"ReadAction\",\"target\":[\"https:\/\/regiojardin.com\/?page_id=15\"]}]},{\"@type\":\"BreadcrumbList\",\"@id\":\"https:\/\/regiojardin.com\/?page_id=15#breadcrumb\",\"itemListElement\":[{\"@type\":\"ListItem\",\"position\":1,\"name\":\"Portada\",\"item\":\"https:\/\/regiojardin.com\/\"},{\"@type\":\"ListItem\",\"position\":2,\"name\":\"Mantenimiento\"}]},{\"@type\":\"WebSite\",\"@id\":\"https:\/\/regiojardin.com\/#website\",\"url\":\"https:\/\/regiojardin.com\/\",\"name\":\"Regio Jard\u00edn\",\"description\":\"La Jardiner\u00eda Es Nuestra Pasi\u00f3n\",\"potentialAction\":[{\"@type\":\"SearchAction\",\"target\":{\"@type\":\"EntryPoint\",\"urlTemplate\":\"https:\/\/regiojardin.com\/?s={search_term_string}\"},\"query-input\":\"required name=search_term_string\"}],\"inLanguage\":\"en-US\"}]}<\/script>\n<!-- \/ Yoast SEO plugin. -->","yoast_head_json":{"title":"Mantenimiento - Regio Jard\u00edn","robots":{"index":"index","follow":"follow","max-snippet":"max-snippet:-1","max-image-preview":"max-image-preview:large","max-video-preview":"max-video-preview:-1"},"canonical":"https:\/\/regiojardin.com\/?page_id=15","og_locale":"en_US","og_type":"article","og_title":"Mantenimiento - Regio Jard\u00edn","og_description":"nosotros Nosotros somos la soluci\u00f3n para el mantenimiento de su jard\u00edn. Nuestra experiencia y sistema de trabajo dan como resultado un jard\u00edn bello. Cada planta que hay en su jard\u00edn es nuestra responsabilidad mantenerla viva, sana y hermosa. mantenimiento integral Pregunte por el Mantenimiento Integral. Con este paquete, usted se olvida del mantenimiento de su jard\u00edn. Todo incluido por un solo precio, es la forma m\u00e1s econ\u00f3mica y f\u00e1cil de mantener todo el a\u00f1o su jard\u00edn. Aireado del suelo Fumigaci\u00f3n de Hierbas Fumigaci\u00f3n de plagas Poda de pasto Fertilizaci\u00f3n Desorillado Reparaci\u00f3n y mantenimiento de un sistema de riego Poda y trasplante de \u00e1rboles, palmas, arbustos","og_url":"https:\/\/regiojardin.com\/?page_id=15","og_site_name":"Regio Jard\u00edn","article_modified_time":"2021-01-09T00:28:04+00:00","og_image":[{"url":"http:\/\/regiojardin.com\/wp-content\/uploads\/2021\/01\/bd2.png"}],"twitter_card":"summary_large_image","twitter_misc":{"Est. reading time":"1 minute"},"schema":{"@context":"https:\/\/schema.org","@graph":[{"@type":"WebPage","@id":"https:\/\/regiojardin.com\/?page_id=15","url":"https:\/\/regiojardin.com\/?page_id=15","name":"Mantenimiento - Regio Jard\u00edn","isPartOf":{"@id":"https:\/\/regiojardin.com\/#website"},"datePublished":"2020-12-31T22:02:58+00:00","dateModified":"2021-01-09T00:28:04+00:00","breadcrumb":{"@id":"https:\/\/regiojardin.com\/?page_id=15#breadcrumb"},"inLanguage":"en-US","potentialAction":[{"@type":"ReadAction","target":["https:\/\/regiojardin.com\/?page_id=15"]}]},{"@type":"BreadcrumbList","@id":"https:\/\/regiojardin.com\/?page_id=15#breadcrumb","itemListElement":[{"@type":"ListItem","position":1,"name":"Portada","item":"https:\/\/regiojardin.com\/"},{"@type":"ListItem","position":2,"name":"Mantenimiento"}]},{"@type":"WebSite","@id":"https:\/\/regiojardin.com\/#website","url":"https:\/\/regiojardin.com\/","name":"Regio Jard\u00edn","description":"La Jardiner\u00eda Es Nuestra Pasi\u00f3n","potentialAction":[{"@type":"SearchAction","target":{"@type":"EntryPoint","urlTemplate":"https:\/\/regiojardin.com\/?s={search_term_string}"},"query-input":"required name=search_term_string"}],"inLanguage":"en-US"}]}},"_links":{"self":[{"href":"https:\/\/regiojardin.com\/index.php?rest_route=\/wp\/v2\/pages\/15"}],"collection":[{"href":"https:\/\/regiojardin.com\/index.php?rest_route=\/wp\/v2\/pages"}],"about":[{"href":"https:\/\/regiojardin.com\/index.php?rest_route=\/wp\/v2\/types\/page"}],"author":[{"embeddable":true,"href":"https:\/\/regiojardin.com\/index.php?rest_route=\/wp\/v2\/users\/1"}],"replies":[{"embeddable":true,"href":"https:\/\/regiojardin.com\/index.php?rest_route=%2Fwp%2Fv2%2Fcomments&post=15"}],"version-history":[{"count":7,"href":"https:\/\/regiojardin.com\/index.php?rest_route=\/wp\/v2\/pages\/15\/revisions"}],"predecessor-version":[{"id":144,"href":"https:\/\/regiojardin.com\/index.php?rest_route=\/wp\/v2\/pages\/15\/revisions\/144"}],"wp:attachment":[{"href":"https:\/\/regiojardin.com\/index.php?rest_route=%2Fwp%2Fv2%2Fmedia&parent=15"}],"curies":[{"name":"wp","href":"https:\/\/api.w.org\/{rel}","templated":true}]}}